{"id":41,"date":"2020-08-10T13:41:31","date_gmt":"2020-08-10T13:41:31","guid":{"rendered":"https:\/\/spielgruppe-lengnau.ch\/?page_id=41"},"modified":"2024-08-27T09:27:20","modified_gmt":"2024-08-27T09:27:20","slug":"waldspielgruppe","status":"publish","type":"page","link":"https:\/\/spielgruppe-lengnau.ch\/index.php\/waldspielgruppe\/","title":{"rendered":"Waldspielgruppe"},"content":{"rendered":"\n<figure class=\"wp-block-image size-large is-resized is-style-default\"><img decoding=\"async\" src=\"https:\/\/spielgruppe-lengnau.ch\/wp-content\/uploads\/2020\/11\/waldh\u00fctte-1024x768.jpeg\" alt=\"\" class=\"wp-image-130\" style=\"width:769px\" width=\"769\" srcset=\"https:\/\/spielgruppe-lengnau.ch\/wp-content\/uploads\/2020\/11\/waldh\u00fctte-1024x768.jpeg 1024w, https:\/\/spielgruppe-lengnau.ch\/wp-content\/uploads\/2020\/11\/waldh\u00fctte-300x225.jpeg 300w, https:\/\/spielgruppe-lengnau.ch\/wp-content\/uploads\/2020\/11\/waldh\u00fctte-768x576.jpeg 768w, https:\/\/spielgruppe-lengnau.ch\/wp-content\/uploads\/2020\/11\/waldh\u00fctte-1536x1152.jpeg 1536w, https:\/\/spielgruppe-lengnau.ch\/wp-content\/uploads\/2020\/11\/waldh\u00fctte-1x1.jpeg 1w, https:\/\/spielgruppe-lengnau.ch\/wp-content\/uploads\/2020\/11\/waldh\u00fctte.jpeg 2048w\" sizes=\"(max-width: 1024px) 100vw, 1024px\" \/><\/figure>\n\n\n\n<p><\/p>\n\n\n\n<blockquote class=\"wp-block-quote is-layout-flow wp-block-quote-is-layout-flow\">\n<p>s h\u00fcpfd es H\u00e4sli, s h\u00fcpfd es H\u00e4sli<br>gschwind in Wald, gschwind in Wald,<br>chom mer g\u00f6nds go sueche, chom mer g\u00f6nds go sueche,<br>mer findeds bald, mer findeds bald.<\/p>\n<\/blockquote>\n\n\n\n<p><br><br>\u25cf Unser Treffpunkt ist oberhalb der Halt.<br>\u25cf Wir machen uns 09.00 Uhr mit den Kindern auf den Weg zu unserem Waldhaus (Walderloo-Wiese). Auch der Weg ist unser Ziel. Wir haben Zeit f\u00fcr viele Beobachtungen, zum Suchen, Klettern, Springen, Entdecken&#8230;<br>\u25cf Wir gehen bei jedem Wetter in den Wald, ausser bei Sturm mit Wind \u00fcber 80 Std.\/km.<br>\u25cf Ausr\u00fcstung: Rucksack mit Brustgurt mit gesundem Zn\u00fcni und Trinkflasche (Zn\u00fcni-B\u00f6xli\/Trinkflasche bitte anschreiben).<br>Bequeme, feste Schuhe, lange Hose (auch im Sommer), Leibchen (langarm),<br>wenn n\u00f6tig Jacke, Kopfbedeckung. Zum Schutz vor Zecken, m\u00f6glichst wenig freie Haut. Wir sprayen die Kinder mit Zeckenschutz-Spray ein. Trotzdem bitte nach jedem Waldbesuch auf Zecken kontrollieren (auch im Haar).<br>Gummistiefel nur bei starkem Regen, weil die Kinder darin einen schlechten Halt haben.<br>\u25cf Um 11.30 Uhr kommen wir mit den Kindern zum Parkplatz (Kadaver-Sammelstelle im Industriegebiet).<\/p>\n\n\n\n<figure class=\"wp-block-image size-large\"><img loading=\"lazy\" decoding=\"async\" width=\"760\" height=\"469\" src=\"https:\/\/spielgruppe-lengnau.ch\/wp-content\/uploads\/2020\/08\/2020-08-10_153551.jpg\" alt=\"\" class=\"wp-image-42\" srcset=\"https:\/\/spielgruppe-lengnau.ch\/wp-content\/uploads\/2020\/08\/2020-08-10_153551.jpg 760w, https:\/\/spielgruppe-lengnau.ch\/wp-content\/uploads\/2020\/08\/2020-08-10_153551-300x185.jpg 300w\" sizes=\"auto, (max-width: 760px) 100vw, 760px\" \/><figcaption class=\"wp-element-caption\">Plankopie Waldspielgruppe<\/figcaption><\/figure>\n","protected":false},"excerpt":{"rendered":"<p>s h\u00fcpfd es H\u00e4sli, s h\u00fcpfd es H\u00e4sligschwind in Wald, gschwind in Wald,chom mer g\u00f6nds go sueche, chom mer g\u00f6nds go sueche,mer findeds bald, mer findeds bald. \u25cf Unser Treffpunkt ist oberhalb der Halt.\u25cf Wir machen uns 09.00 Uhr mit den Kindern auf den Weg zu unserem Waldhaus (Walderloo-Wiese). Auch der Weg ist unser Ziel. [&hellip;]<\/p>\n","protected":false},"author":2,"featured_media":0,"parent":0,"menu_order":0,"comment_status":"closed","ping_status":"closed","template":"","meta":{"footnotes":""},"class_list":["post-41","page","type-page","status-publish","hentry"],"_links":{"self":[{"href":"https:\/\/spielgruppe-lengnau.ch\/index.php\/wp-json\/wp\/v2\/pages\/41","targetHints":{"allow":["GET"]}}],"collection":[{"href":"https:\/\/spielgruppe-lengnau.ch\/index.php\/wp-json\/wp\/v2\/pages"}],"about":[{"href":"https:\/\/spielgruppe-lengnau.ch\/index.php\/wp-json\/wp\/v2\/types\/page"}],"author":[{"embeddable":true,"href":"https:\/\/spielgruppe-lengnau.ch\/index.php\/wp-json\/wp\/v2\/users\/2"}],"replies":[{"embeddable":true,"href":"https:\/\/spielgruppe-lengnau.ch\/index.php\/wp-json\/wp\/v2\/comments?post=41"}],"version-history":[{"count":12,"href":"https:\/\/spielgruppe-lengnau.ch\/index.php\/wp-json\/wp\/v2\/pages\/41\/revisions"}],"predecessor-version":[{"id":271,"href":"https:\/\/spielgruppe-lengnau.ch\/index.php\/wp-json\/wp\/v2\/pages\/41\/revisions\/271"}],"wp:attachment":[{"href":"https:\/\/spielgruppe-lengnau.ch\/index.php\/wp-json\/wp\/v2\/media?parent=41"}],"curies":[{"name":"wp","href":"https:\/\/api.w.org\/{rel}","templated":true}]}}