{"id":36,"date":"2020-08-10T13:32:39","date_gmt":"2020-08-10T13:32:39","guid":{"rendered":"https:\/\/spielgruppe-lengnau.ch\/?page_id=36"},"modified":"2025-08-26T09:17:24","modified_gmt":"2025-08-26T09:17:24","slug":"ueber-uns","status":"publish","type":"page","link":"https:\/\/spielgruppe-lengnau.ch\/index.php\/ueber-uns\/","title":{"rendered":"\u00dcber uns"},"content":{"rendered":"\n<p>Wir sind Mitglieder des <a href=\"https:\/\/sslv.ch\/\" target=\"_blank\" rel=\"noreferrer noopener\">Schweiz. Spielgruppen-Leiterinnen-Verbandes (SSLV)<\/a> und richten uns nach deren Leitbild, Richtlinien und Schutzkonzept f\u00fcr Spielgruppen.<\/p>\n\n\n\n<figure class=\"wp-block-pullquote\"><blockquote><p><strong>Unser Team <\/strong><br><img loading=\"lazy\" decoding=\"async\" width=\"500\" height=\"380\" class=\"wp-image-297\" style=\"width: 500px;\" src=\"https:\/\/spielgruppe-lengnau.ch\/wp-content\/uploads\/2025\/07\/Alle.jpg\" alt=\"\" srcset=\"https:\/\/spielgruppe-lengnau.ch\/wp-content\/uploads\/2025\/07\/Alle.jpg 1934w, https:\/\/spielgruppe-lengnau.ch\/wp-content\/uploads\/2025\/07\/Alle-300x228.jpg 300w, https:\/\/spielgruppe-lengnau.ch\/wp-content\/uploads\/2025\/07\/Alle-1024x777.jpg 1024w, https:\/\/spielgruppe-lengnau.ch\/wp-content\/uploads\/2025\/07\/Alle-768x583.jpg 768w, https:\/\/spielgruppe-lengnau.ch\/wp-content\/uploads\/2025\/07\/Alle-1536x1166.jpg 1536w, https:\/\/spielgruppe-lengnau.ch\/wp-content\/uploads\/2025\/07\/Alle-1x1.jpg 1w\" sizes=\"auto, (max-width: 500px) 100vw, 500px\" \/><br>(von links nach rechts)<br>oben: Irene Schweizer, Meli Schmid, Mirjam Laube, Bernadette Meier <br>unten: Andrea Schneider, Francisca Schneider, Karin Schmid<\/p><\/blockquote><\/figure>\n\n\n\n<div class=\"wp-block-columns is-layout-flex wp-container-core-columns-is-layout-3 wp-block-columns-is-layout-flex\">\n<div class=\"wp-block-column is-layout-flow wp-block-column-is-layout-flow\" style=\"flex-basis:100%\">\n<div class=\"wp-block-group\"><div class=\"wp-block-group__inner-container is-layout-constrained wp-block-group-is-layout-constrained\">\n<div class=\"wp-block-columns are-vertically-aligned-center is-layout-flex wp-container-core-columns-is-layout-2 wp-block-columns-is-layout-flex\">\n<div class=\"wp-block-column is-vertically-aligned-center is-layout-flow wp-block-column-is-layout-flow\" style=\"flex-basis:100%\">\n<div class=\"wp-block-group\"><div class=\"wp-block-group__inner-container is-layout-constrained wp-block-group-is-layout-constrained\">\n<div class=\"wp-block-cover alignleft\" style=\"min-height:399px;aspect-ratio:unset;\"><span aria-hidden=\"true\" class=\"wp-block-cover__background has-background-dim\"><\/span><img loading=\"lazy\" decoding=\"async\" width=\"1024\" height=\"1024\" class=\"wp-block-cover__image-background wp-image-300\" alt=\"\" src=\"https:\/\/spielgruppe-lengnau.ch\/wp-content\/uploads\/2025\/07\/Irene-1024x1024.jpg\" data-object-fit=\"cover\" srcset=\"https:\/\/spielgruppe-lengnau.ch\/wp-content\/uploads\/2025\/07\/Irene-1024x1024.jpg 1024w, https:\/\/spielgruppe-lengnau.ch\/wp-content\/uploads\/2025\/07\/Irene-300x300.jpg 300w, https:\/\/spielgruppe-lengnau.ch\/wp-content\/uploads\/2025\/07\/Irene-150x150.jpg 150w, https:\/\/spielgruppe-lengnau.ch\/wp-content\/uploads\/2025\/07\/Irene-768x768.jpg 768w, https:\/\/spielgruppe-lengnau.ch\/wp-content\/uploads\/2025\/07\/Irene-1536x1536.jpg 1536w, https:\/\/spielgruppe-lengnau.ch\/wp-content\/uploads\/2025\/07\/Irene-2048x2048.jpg 2048w, https:\/\/spielgruppe-lengnau.ch\/wp-content\/uploads\/2025\/07\/Irene-1x1.jpg 1w\" sizes=\"auto, (max-width: 1024px) 100vw, 1024px\" \/><div class=\"wp-block-cover__inner-container is-layout-flow wp-block-cover-is-layout-flow\">\n<p class=\"has-text-align-center has-large-font-size\">Irene Schweizer<br><br>079 229 33 69<\/p>\n<\/div><\/div>\n\n\n\n<div class=\"wp-block-group\"><div class=\"wp-block-group__inner-container is-layout-constrained wp-block-group-is-layout-constrained\">\n<div class=\"wp-block-columns is-layout-flex wp-container-core-columns-is-layout-1 wp-block-columns-is-layout-flex\">\n<div class=\"wp-block-column is-layout-flow wp-block-column-is-layout-flow\" style=\"flex-basis:100%\">\n<blockquote class=\"wp-block-quote is-layout-flow wp-block-quote-is-layout-flow\"><\/blockquote>\n<\/div>\n<\/div>\n<\/div><\/div>\n<\/div><\/div>\n<\/div>\n<\/div>\n<\/div><\/div>\n\n\n\n<blockquote class=\"wp-block-quote is-layout-flow wp-block-quote-is-layout-flow\">\n<p><strong>Organisation\/Administration<br>seit 1992 \/ <\/strong><strong>irene@spielgruppe-lengnau.ch<\/strong><br>Nach 30 Jahren aktiver Betreuung unserer Spielgruppenkinder habe ich mich 2022 neu orientiert. Ich k\u00fcmmere mich weiterhin um die Administration und freue mich \u00fcber die grossartige Arbeit der Spielgruppenleiterinnen<\/p>\n<\/blockquote>\n<\/div>\n<\/div>\n\n\n\n<div style=\"height:11px\" aria-hidden=\"true\" class=\"wp-block-spacer\"><\/div>\n\n\n\n<div class=\"wp-block-columns is-layout-flex wp-container-core-columns-is-layout-5 wp-block-columns-is-layout-flex\">\n<div class=\"wp-block-column is-layout-flow wp-block-column-is-layout-flow\" style=\"flex-basis:100%\">\n<div class=\"wp-block-cover alignleft\"><span aria-hidden=\"true\" class=\"wp-block-cover__background has-background-dim\"><\/span><img loading=\"lazy\" decoding=\"async\" width=\"1024\" height=\"1024\" class=\"wp-block-cover__image-background wp-image-302\" alt=\"\" src=\"https:\/\/spielgruppe-lengnau.ch\/wp-content\/uploads\/2025\/07\/Meli-1024x1024.jpg\" data-object-fit=\"cover\" srcset=\"https:\/\/spielgruppe-lengnau.ch\/wp-content\/uploads\/2025\/07\/Meli-1024x1024.jpg 1024w, https:\/\/spielgruppe-lengnau.ch\/wp-content\/uploads\/2025\/07\/Meli-300x300.jpg 300w, https:\/\/spielgruppe-lengnau.ch\/wp-content\/uploads\/2025\/07\/Meli-150x150.jpg 150w, https:\/\/spielgruppe-lengnau.ch\/wp-content\/uploads\/2025\/07\/Meli-768x768.jpg 768w, https:\/\/spielgruppe-lengnau.ch\/wp-content\/uploads\/2025\/07\/Meli-1536x1536.jpg 1536w, https:\/\/spielgruppe-lengnau.ch\/wp-content\/uploads\/2025\/07\/Meli-2048x2048.jpg 2048w, https:\/\/spielgruppe-lengnau.ch\/wp-content\/uploads\/2025\/07\/Meli-1x1.jpg 1w\" sizes=\"auto, (max-width: 1024px) 100vw, 1024px\" \/><div class=\"wp-block-cover__inner-container is-layout-flow wp-block-cover-is-layout-flow\">\n<p class=\"has-text-align-center has-large-font-size\">Meli Schmid<br><br>079 586 78 53<\/p>\n<\/div><\/div>\n\n\n\n<div class=\"wp-block-columns is-layout-flex wp-container-core-columns-is-layout-4 wp-block-columns-is-layout-flex\">\n<div class=\"wp-block-column is-layout-flow wp-block-column-is-layout-flow\" style=\"flex-basis:100%\">\n<blockquote class=\"wp-block-quote is-layout-flow wp-block-quote-is-layout-flow\"><\/blockquote>\n<\/div>\n<\/div>\n<\/div>\n<\/div>\n\n\n\n<blockquote class=\"wp-block-quote is-layout-flow wp-block-quote-is-layout-flow\">\n<p><strong>Leiterin seit 2020<br>Dorfspielgruppe  Mi\/Fr \/ Waldspielgruppe Do<\/strong><br>Ich bin selbst Mama und liebe es mit den Kindern neues zu erlernen und sie zu f\u00f6rdern drinnen sowie auch in der Natur draussen. Es macht mir grossen Spass sie in ihren St\u00e4rken und auch Schw\u00e4chen zu unterst\u00fctzen, damit sie vorbereitet, den n\u00e4chsten Schritt in den Kindergarten, gehen d\u00fcrfen.<\/p>\n<\/blockquote>\n\n\n\n<div style=\"height:11px\" aria-hidden=\"true\" class=\"wp-block-spacer\"><\/div>\n\n\n\n<div class=\"wp-block-cover alignleft\"><span aria-hidden=\"true\" class=\"wp-block-cover__background has-background-dim\"><\/span><img loading=\"lazy\" decoding=\"async\" width=\"1024\" height=\"1024\" class=\"wp-block-cover__image-background wp-image-303\" alt=\"\" src=\"https:\/\/spielgruppe-lengnau.ch\/wp-content\/uploads\/2025\/07\/Mirjam-1024x1024.jpg\" data-object-fit=\"cover\" srcset=\"https:\/\/spielgruppe-lengnau.ch\/wp-content\/uploads\/2025\/07\/Mirjam-1024x1024.jpg 1024w, https:\/\/spielgruppe-lengnau.ch\/wp-content\/uploads\/2025\/07\/Mirjam-300x300.jpg 300w, https:\/\/spielgruppe-lengnau.ch\/wp-content\/uploads\/2025\/07\/Mirjam-150x150.jpg 150w, https:\/\/spielgruppe-lengnau.ch\/wp-content\/uploads\/2025\/07\/Mirjam-768x768.jpg 768w, https:\/\/spielgruppe-lengnau.ch\/wp-content\/uploads\/2025\/07\/Mirjam-1536x1536.jpg 1536w, https:\/\/spielgruppe-lengnau.ch\/wp-content\/uploads\/2025\/07\/Mirjam-2048x2048.jpg 2048w, https:\/\/spielgruppe-lengnau.ch\/wp-content\/uploads\/2025\/07\/Mirjam-1x1.jpg 1w\" sizes=\"auto, (max-width: 1024px) 100vw, 1024px\" \/><div class=\"wp-block-cover__inner-container is-layout-flow wp-block-cover-is-layout-flow\">\n<p class=\"has-text-align-center has-large-font-size\">Mirjam Laube-Moser<br><br>079 453 40 86<\/p>\n<\/div><\/div>\n\n\n\n<div class=\"wp-block-columns is-layout-flex wp-container-core-columns-is-layout-6 wp-block-columns-is-layout-flex\">\n<div class=\"wp-block-column is-layout-flow wp-block-column-is-layout-flow\" style=\"flex-basis:100%\">\n<div class=\"wp-block-group\"><div class=\"wp-block-group__inner-container is-layout-flow wp-block-group-is-layout-flow\">\n<blockquote class=\"wp-block-quote is-layout-flow wp-block-quote-is-layout-flow\"><\/blockquote>\n<\/div><\/div>\n<\/div>\n<\/div>\n\n\n\n<div style=\"height:11px\" aria-hidden=\"true\" class=\"wp-block-spacer\"><\/div>\n\n\n\n<blockquote class=\"wp-block-quote is-layout-flow wp-block-quote-is-layout-flow\">\n<p><strong>Leiterin seit 2024<br>Dorfspielgruppe Freitag<\/strong><br>Ich bin Mami von zwei wunderbaren T\u00f6chtern, mittlerweile 17 und 19 Jahre alt. Neben der Spielgruppe bin ich noch Tagesmutter. ich finde es spannend und freue mich, die verschiedenen Kinder in ihrer Entwicklung zu begleiten und zu unterst\u00fctzen.<\/p>\n<\/blockquote>\n\n\n\n<div class=\"wp-block-cover alignleft\"><span aria-hidden=\"true\" class=\"wp-block-cover__background has-background-dim\"><\/span><img loading=\"lazy\" decoding=\"async\" width=\"1024\" height=\"1024\" class=\"wp-block-cover__image-background wp-image-299\" alt=\"\" src=\"https:\/\/spielgruppe-lengnau.ch\/wp-content\/uploads\/2025\/07\/Berne-1024x1024.jpg\" data-object-fit=\"cover\" srcset=\"https:\/\/spielgruppe-lengnau.ch\/wp-content\/uploads\/2025\/07\/Berne-1024x1024.jpg 1024w, https:\/\/spielgruppe-lengnau.ch\/wp-content\/uploads\/2025\/07\/Berne-300x300.jpg 300w, https:\/\/spielgruppe-lengnau.ch\/wp-content\/uploads\/2025\/07\/Berne-150x150.jpg 150w, https:\/\/spielgruppe-lengnau.ch\/wp-content\/uploads\/2025\/07\/Berne-768x768.jpg 768w, https:\/\/spielgruppe-lengnau.ch\/wp-content\/uploads\/2025\/07\/Berne-1536x1536.jpg 1536w, https:\/\/spielgruppe-lengnau.ch\/wp-content\/uploads\/2025\/07\/Berne-2048x2048.jpg 2048w, https:\/\/spielgruppe-lengnau.ch\/wp-content\/uploads\/2025\/07\/Berne-1x1.jpg 1w\" sizes=\"auto, (max-width: 1024px) 100vw, 1024px\" \/><div class=\"wp-block-cover__inner-container is-layout-flow wp-block-cover-is-layout-flow\">\n<p class=\"has-text-align-center has-large-font-size\">Bernadette Meier<br><br>079 358 81 00<\/p>\n<\/div><\/div>\n\n\n\n<div class=\"wp-block-columns is-layout-flex wp-container-core-columns-is-layout-7 wp-block-columns-is-layout-flex\">\n<div class=\"wp-block-column is-layout-flow wp-block-column-is-layout-flow\" style=\"flex-basis:100%\">\n<blockquote class=\"wp-block-quote is-layout-flow wp-block-quote-is-layout-flow\"><\/blockquote>\n<\/div>\n<\/div>\n\n\n\n<div style=\"height:11px\" aria-hidden=\"true\" class=\"wp-block-spacer\"><\/div>\n\n\n\n<blockquote class=\"wp-block-quote is-layout-flow wp-block-quote-is-layout-flow\">\n<p><strong>Leiterin seit 2005<br>Dorfspielgruppe Dienstag<\/strong><br>Ich begleite die Kinder mit viel Liebe, Geduld und Begeisterung auf einem wichtigen St\u00fcck ihres Lebens. Die Arbeit mit ihnen ist f\u00fcr mich eine Herzensangelegenheit. Es ber\u00fchrt mich immer wieder, ihre Entwicklung zu beobachten, ihr Vertrauen zu gewinnen und ihnen Raum zu geben, indem sie spielerisch lernen, entdecken und einfach Kind sein d\u00fcrfen. Jedes Kind ist einzigartig und genau das macht meine Arbeit besonders und lebendig.<\/p>\n<\/blockquote>\n\n\n\n<div class=\"wp-block-cover alignleft\"><span aria-hidden=\"true\" class=\"wp-block-cover__background has-background-dim\"><\/span><img loading=\"lazy\" decoding=\"async\" width=\"1024\" height=\"1024\" class=\"wp-block-cover__image-background wp-image-298\" alt=\"\" src=\"https:\/\/spielgruppe-lengnau.ch\/wp-content\/uploads\/2025\/07\/Andrea-1024x1024.jpg\" data-object-fit=\"cover\" srcset=\"https:\/\/spielgruppe-lengnau.ch\/wp-content\/uploads\/2025\/07\/Andrea-1024x1024.jpg 1024w, https:\/\/spielgruppe-lengnau.ch\/wp-content\/uploads\/2025\/07\/Andrea-300x300.jpg 300w, https:\/\/spielgruppe-lengnau.ch\/wp-content\/uploads\/2025\/07\/Andrea-150x150.jpg 150w, https:\/\/spielgruppe-lengnau.ch\/wp-content\/uploads\/2025\/07\/Andrea-768x768.jpg 768w, https:\/\/spielgruppe-lengnau.ch\/wp-content\/uploads\/2025\/07\/Andrea-1536x1536.jpg 1536w, https:\/\/spielgruppe-lengnau.ch\/wp-content\/uploads\/2025\/07\/Andrea-2048x2048.jpg 2048w, https:\/\/spielgruppe-lengnau.ch\/wp-content\/uploads\/2025\/07\/Andrea-1x1.jpg 1w\" sizes=\"auto, (max-width: 1024px) 100vw, 1024px\" \/><div class=\"wp-block-cover__inner-container is-layout-flow wp-block-cover-is-layout-flow\">\n<p class=\"has-text-align-center has-large-font-size\">Andrea Schneider<br><br>079 349 67 97<\/p>\n<\/div><\/div>\n\n\n\n<div class=\"wp-block-columns is-layout-flex wp-container-core-columns-is-layout-8 wp-block-columns-is-layout-flex\">\n<div class=\"wp-block-column is-layout-flow wp-block-column-is-layout-flow\" style=\"flex-basis:100%\">\n<blockquote class=\"wp-block-quote is-layout-flow wp-block-quote-is-layout-flow\"><\/blockquote>\n<\/div>\n<\/div>\n\n\n\n<div style=\"height:11px\" aria-hidden=\"true\" class=\"wp-block-spacer\"><\/div>\n\n\n\n<blockquote class=\"wp-block-quote is-layout-flow wp-block-quote-is-layout-flow\">\n<p><strong>Leiterin seit 2019<br>Dorfspielgruppe Dienstag<\/strong><br>Spielgruppenleiterin zu sein wird nie langweilig, da immer neue kleine Charakteren zu uns kommen, welche wir betreuen und spielerisch vieles neues Lehren d\u00fcrfen. Es macht mir grossen Spass die Kleinen zu begleiten und mit ihnen eine gute Vorbereitung auf den Kindergartenalltag zu erschaffen.<\/p>\n<\/blockquote>\n\n\n\n<div class=\"wp-block-cover alignleft\"><span aria-hidden=\"true\" class=\"wp-block-cover__background has-background-dim\"><\/span><img loading=\"lazy\" decoding=\"async\" width=\"1024\" height=\"1024\" class=\"wp-block-cover__image-background wp-image-301\" alt=\"\" src=\"https:\/\/spielgruppe-lengnau.ch\/wp-content\/uploads\/2025\/07\/Karin-1024x1024.jpg\" data-object-fit=\"cover\" srcset=\"https:\/\/spielgruppe-lengnau.ch\/wp-content\/uploads\/2025\/07\/Karin-1024x1024.jpg 1024w, https:\/\/spielgruppe-lengnau.ch\/wp-content\/uploads\/2025\/07\/Karin-300x300.jpg 300w, https:\/\/spielgruppe-lengnau.ch\/wp-content\/uploads\/2025\/07\/Karin-150x150.jpg 150w, https:\/\/spielgruppe-lengnau.ch\/wp-content\/uploads\/2025\/07\/Karin-768x768.jpg 768w, https:\/\/spielgruppe-lengnau.ch\/wp-content\/uploads\/2025\/07\/Karin-1536x1536.jpg 1536w, https:\/\/spielgruppe-lengnau.ch\/wp-content\/uploads\/2025\/07\/Karin-2048x2048.jpg 2048w, https:\/\/spielgruppe-lengnau.ch\/wp-content\/uploads\/2025\/07\/Karin-1x1.jpg 1w\" sizes=\"auto, (max-width: 1024px) 100vw, 1024px\" \/><div class=\"wp-block-cover__inner-container is-layout-flow wp-block-cover-is-layout-flow\">\n<p class=\"has-text-align-center has-large-font-size\">Karin Schmid<br><br>079 733 20 40 <\/p>\n<\/div><\/div>\n\n\n\n<div class=\"wp-block-columns is-layout-flex wp-container-core-columns-is-layout-9 wp-block-columns-is-layout-flex\">\n<div class=\"wp-block-column is-layout-flow wp-block-column-is-layout-flow\" style=\"flex-basis:100%\">\n<blockquote class=\"wp-block-quote is-layout-flow wp-block-quote-is-layout-flow\"><\/blockquote>\n<\/div>\n<\/div>\n\n\n\n<div style=\"height:11px\" aria-hidden=\"true\" class=\"wp-block-spacer\"><\/div>\n\n\n\n<blockquote class=\"wp-block-quote is-layout-flow wp-block-quote-is-layout-flow\">\n<p><strong>Leiterin seit 2020<\/strong><br><strong>Dorfspielgruppe  Mi\/Fr \/ Waldspielgruppe Do<\/strong><br>Ich m\u00f6chte den Kindern die Natur nahebringen. Egal ob Regen, Sonne, Schnee oder K\u00e4lte. Es ist wichtig den Kindern den Freiraum geben, sich entfalten zu k\u00f6nnen.<\/p>\n<\/blockquote>\n","protected":false},"excerpt":{"rendered":"<p>Wir sind Mitglieder des Schweiz. Spielgruppen-Leiterinnen-Verbandes (SSLV) und richten uns nach deren Leitbild, Richtlinien und Schutzkonzept f\u00fcr Spielgruppen. Unser Team (von links nach rechts)oben: Irene Schweizer, Meli Schmid, Mirjam Laube, Bernadette Meier unten: Andrea Schneider, Francisca Schneider, Karin Schmid Organisation\/Administrationseit 1992 \/ irene@spielgruppe-lengnau.chNach 30 Jahren aktiver Betreuung unserer Spielgruppenkinder habe ich mich 2022 neu orientiert. [&hellip;]<\/p>\n","protected":false},"author":2,"featured_media":0,"parent":0,"menu_order":0,"comment_status":"closed","ping_status":"closed","template":"","meta":{"footnotes":""},"class_list":["post-36","page","type-page","status-publish","hentry"],"_links":{"self":[{"href":"https:\/\/spielgruppe-lengnau.ch\/index.php\/wp-json\/wp\/v2\/pages\/36","targetHints":{"allow":["GET"]}}],"collection":[{"href":"https:\/\/spielgruppe-lengnau.ch\/index.php\/wp-json\/wp\/v2\/pages"}],"about":[{"href":"https:\/\/spielgruppe-lengnau.ch\/index.php\/wp-json\/wp\/v2\/types\/page"}],"author":[{"embeddable":true,"href":"https:\/\/spielgruppe-lengnau.ch\/index.php\/wp-json\/wp\/v2\/users\/2"}],"replies":[{"embeddable":true,"href":"https:\/\/spielgruppe-lengnau.ch\/index.php\/wp-json\/wp\/v2\/comments?post=36"}],"version-history":[{"count":51,"href":"https:\/\/spielgruppe-lengnau.ch\/index.php\/wp-json\/wp\/v2\/pages\/36\/revisions"}],"predecessor-version":[{"id":335,"href":"https:\/\/spielgruppe-lengnau.ch\/index.php\/wp-json\/wp\/v2\/pages\/36\/revisions\/335"}],"wp:attachment":[{"href":"https:\/\/spielgruppe-lengnau.ch\/index.php\/wp-json\/wp\/v2\/media?parent=36"}],"curies":[{"name":"wp","href":"https:\/\/api.w.org\/{rel}","templated":true}]}}